{"id":180,"date":"2018-12-14T16:56:29","date_gmt":"2018-12-14T15:56:29","guid":{"rendered":"http:\/\/localhost\/?page_id=180"},"modified":"2019-02-18T22:03:25","modified_gmt":"2019-02-18T21:03:25","slug":"termes-et-conditions","status":"publish","type":"page","link":"https:\/\/www.adapt-solutions.net\/fr\/soutien\/termes-et-conditions\/","title":{"rendered":"Termes et conditions"},"content":{"rendered":"<p><strong>G\u00e9n\u00e9ral<\/strong><\/p>\n<p>Les conditions g\u00e9n\u00e9rales de vente suivantes s&rsquo;appliquent \u00e0 toute vente de biens et services fournis par Adapt-Solutions # 1 Lt\u00e9e (ci-apr\u00e8s d\u00e9nomm\u00e9e \u00abAdapt Solutions\u00bb). L&rsquo;acheteur est r\u00e9put\u00e9 avoir pris pleine connaissance des pr\u00e9sentes conditions. Ces conditions sont obligatoires si les produits et services mentionn\u00e9s dans les pr\u00e9sentes sont livr\u00e9s \u00e0 l&rsquo;acheteur et accept\u00e9s par celui-ci. En cas de conflit ou d\u2019incoh\u00e9rence entre les pr\u00e9sentes conditions g\u00e9n\u00e9rales de vente et les conditions g\u00e9n\u00e9rales contenues dans la commande de l\u2019Acheteur les termes et conditions de Adapt Solutions ci-dessus pr\u00e9valent. Aucune renonciation, alteration ou modification de ces termes et conditions n\u2019obliegra Adapt Solutions, \u00e0 moins d\u2019\u00eatre faite par \u00e9crit et sign\u00e9e par un repr\u00e9sentant d\u00fbment autoris\u00e9 d\u2019Adapt Solutions.<\/p>\n<p><strong>Soumissions<\/strong><\/p>\n<p>Sauf indication contraire, la soumission d\u2019Adapt Solutions sera nulle et non avenue sauf si elle est accept\u00e9e par l\u2019Acheteur dans les trente (30) jours \u00e0 compter de la date de l\u2019offre.<\/p>\n<p><strong>Prix \u200b\u200b\/ Co\u00fbt du transport \/ Taxes<\/strong><\/p>\n<p>Les prix seront \u00e9crits sur une soumission faite par Adapt Solutions.\u00a0 En l\u2019absence de soumission \u00e9crite, le montant sera celui inscrit sur le portail client sur Internet ou le prix affich\u00e9 par Adapt Solutions lorsque la commande sera pass\u00e9e. Sauf indication contraire dans l&rsquo;offre, les prix indiqu\u00e9s peuvent \u00eatre modifi\u00e9s par Adapt Solutions avec ou sans pr\u00e9avis jusqu&rsquo;\u00e0 l&rsquo;acceptation de l&rsquo;acheteur. Les prix sont sujets \u00e0 correction pour erreur. Sauf indication contraire, tous les prix sont exprim\u00e9s en FOB. \u00a0\u00a0.Les solutions de transport standards seront choisies par Adapt Solutions et ces transports seront aux frais de l\u2019Acheteur. Des moyens de transport sp\u00e9ciaux seront utilis\u00e9s \u00e0 la demande de l\u2019Acheteur, et \u00e0 ses frais, \u00e0 condition que les besoins de l\u2019Acheteur en mati\u00e8re de transport soient notifi\u00e9s avec un pr\u00e9avis raisonnable avant l\u2019exp\u00e9dition.\u00a0 Les prix ne comprennent ni les taxes, ni les droits, ni les frais (et notamment l&rsquo;installation, l&rsquo;exp\u00e9dition et la manutention), sauf indication contraire.<\/p>\n<p><strong>Livraison<\/strong><\/p>\n<p>Les d\u00e9lais de livraison sont approximatifs et sont bas\u00e9s sur les conditions du march\u00e9 en vigueur, respectivement au moment de l\u2019offre d\u2019Adapt Solutions et de l\u2019acceptation de la commande de l\u2019Acheteur par Adapt Solutions. La livraison d\u00e9pendra \u00e9galement de la r\u00e9ception rapide par Adapt Solutions des informations n\u00e9cessaires \u00e0 l&rsquo;ex\u00e9cution de la commande. Adapt Solutions peut prolonger les d\u00e9lais de livraison ou peut, \u00e0 son gr\u00e9, annuler la commande de l\u2019Acheteur, en tout ou en partie, sans engager sa responsabilit\u00e9, sauf en ce qui concerne le retour de tout acompte ou paiement anticip\u00e9 non acquis en raison de l\u2019annulation.<\/p>\n<p><strong>Force majeure<\/strong><\/p>\n<p>Adapt Solutions ne pourra \u00eatre tenu responsable des pertes ou dommages subis par l&rsquo;acheteur aux pr\u00e9sentes r\u00e9sultant de causes ind\u00e9pendantes de sa volont\u00e9, y compris, sans toutefois s&rsquo;y limiter, les cas de force majeure, guerre, invasion, insurrection, \u00e9meute, ordre de ou autorit\u00e9 militaire, incendie, inondation, conditions m\u00e9t\u00e9orologiques, actes d&rsquo;\u00e9l\u00e9ments, retards de transport, indisponibilit\u00e9 d&rsquo;\u00e9quipement ou de mat\u00e9riel, panne, sabotage, lock-out, gr\u00e8ves ou conflits du travail, pi\u00e8ces d\u00e9fectueuses, Le non-respect des livraisons des fournisseurs de Adapt Solutions. L&rsquo;acceptation de la livraison du mat\u00e9riel par l&rsquo;acheteur constituera une renonciation \u00e0 toute r\u00e9clamation pour perte ou dommage d\u00fb \u00e0 un retard quelconque.<\/p>\n<p><strong>Envoi \/ Dommages ou P\u00e9nuries de Transport \/ Risque<\/strong><\/p>\n<p>\u00c0 l\u2019exception des obligations \u00e9nonc\u00e9es \u00e0 la rubrique \u00abGarantie\u00bb dans les pr\u00e9sentes, la responsabilit\u00e9 d\u2019Adapt Solutions pour les marchandises cesse d\u00e8s la livraison au transporteur. En cas de perte ou de dommage pendant le transport, l\u2019Acheteur devra faire la demande de r\u00e9clamation directement au transporteur. Cependant, Adapt Solutions apportera \u00e0 l\u2019Acheteur toute l\u2019assistance n\u00e9cessaire pour r\u00e9gler la r\u00e9clamation de l\u2019Acheteur contre le transporteur, \u00e0 condition que l\u2019Acheteur en avise imm\u00e9diatement Adapt Solutions. Les r\u00e9clamations pour le manque de mat\u00e9riel doivent \u00eatre faites par \u00e9crit dans les dix (10) jours suivant la r\u00e9ception des marchandises par l&rsquo;acheteur. Si Adapt Solutions ne re\u00e7oit pas notification \u00e9crite de dans un d\u00e9lai de dix (10) jours, il sera d\u00e9finitivement pr\u00e9sum\u00e9 que les marchandises ont \u00e9t\u00e9 livr\u00e9es dans leur int\u00e9gralit\u00e9. Sauf d\u00e9cision \u00e9crite contraire, Adapt Solutions se r\u00e9serve le droit de proc\u00e9der \u00e0 des envois partiels et de soumettre des factures pour des envois partiels.<\/p>\n<p><strong>Titre<\/strong><\/p>\n<p>Le droit de propri\u00e9t\u00e9 sur les produits, en tout ou en partie, ne sera pas transf\u00e9r\u00e9 de Adapt Solutions \u00e0 l\u2019Acheteur avant que tous les paiements dus aient \u00e9t\u00e9 d\u00fbment effectu\u00e9s en esp\u00e8ces, sauf stipulation contraire.. Les biens sont et restent des biens meubles ou personnels, quel que soit leur mode de rattachement \u00e0 un bien immobilier ou \u00e0 un autre bien. En cas de d\u00e9faut de paiement, l&rsquo;Acheteur accepte qu&rsquo;Adapt Solutions conserve tous les paiements effectu\u00e9s au titre du prix d&rsquo;achat \u00e0 titre de dommages-int\u00e9r\u00eats liquid\u00e9s, et Adapt Solutions est libre d&rsquo;entrer dans les locaux o\u00f9 les marchandises peuvent \u00eatre transf\u00e9r\u00e9es.<\/p>\n","protected":false},"excerpt":{"rendered":"<p>G\u00e9n\u00e9ral Les conditions g\u00e9n\u00e9rales de vente suivantes s&rsquo;appliquent \u00e0 toute vente de biens et services fournis par Adapt-Solutions # 1 Lt\u00e9e (ci-apr\u00e8s d\u00e9nomm\u00e9e \u00abAdapt Solutions\u00bb). L&rsquo;acheteur est r\u00e9put\u00e9 avoir pris pleine connaissance des pr\u00e9sentes conditions. Ces conditions sont obligatoires si les produits et services mentionn\u00e9s dans les pr\u00e9sentes sont livr\u00e9s \u00e0 l&rsquo;acheteur et accept\u00e9s par [&hellip;]<\/p>\n","protected":false},"author":1,"featured_media":0,"parent":164,"menu_order":0,"comment_status":"closed","ping_status":"closed","template":"page_terms.php","meta":{"_acf_changed":false,"footnotes":""},"class_list":["post-180","page","type-page","status-publish","hentry"],"acf":[],"yoast_head":"<!-- This site is optimized with the Yoast SEO plugin v27.3 - https:\/\/yoast.com\/product\/yoast-seo-wordpress\/ -->\n<title>Termes et conditions - Adapt solution<\/title>\n<meta name=\"robots\" content=\"index, follow, max-snippet:-1, max-image-preview:large, max-video-preview:-1\" \/>\n<link rel=\"canonical\" href=\"https:\/\/www.adapt-solutions.net\/fr\/soutien\/termes-et-conditions\/\" \/>\n<meta property=\"og:locale\" content=\"fr_FR\" \/>\n<meta property=\"og:type\" content=\"article\" \/>\n<meta property=\"og:title\" content=\"Termes et conditions - Adapt solution\" \/>\n<meta property=\"og:description\" content=\"G\u00e9n\u00e9ral Les conditions g\u00e9n\u00e9rales de vente suivantes s&rsquo;appliquent \u00e0 toute vente de biens et services fournis par Adapt-Solutions # 1 Lt\u00e9e (ci-apr\u00e8s d\u00e9nomm\u00e9e \u00abAdapt Solutions\u00bb). L&rsquo;acheteur est r\u00e9put\u00e9 avoir pris pleine connaissance des pr\u00e9sentes conditions. Ces conditions sont obligatoires si les produits et services mentionn\u00e9s dans les pr\u00e9sentes sont livr\u00e9s \u00e0 l&rsquo;acheteur et accept\u00e9s par [&hellip;]\" \/>\n<meta property=\"og:url\" content=\"https:\/\/www.adapt-solutions.net\/fr\/soutien\/termes-et-conditions\/\" \/>\n<meta property=\"og:site_name\" content=\"Adapt solution\" \/>\n<meta property=\"article:modified_time\" content=\"2019-02-18T21:03:25+00:00\" \/>\n<meta property=\"og:image\" content=\"https:\/\/www.adapt-solutions.net\/content\/uploads\/2019\/01\/building-winter-sky-e1548162355607-scaled.jpg\" \/>\n\t<meta property=\"og:image:width\" content=\"2560\" \/>\n\t<meta property=\"og:image:height\" content=\"1696\" \/>\n\t<meta property=\"og:image:type\" content=\"image\/jpeg\" \/>\n<meta name=\"twitter:card\" content=\"summary_large_image\" \/>\n<meta name=\"twitter:label1\" content=\"Dur\u00e9e de lecture estim\u00e9e\" \/>\n\t<meta name=\"twitter:data1\" content=\"4 minutes\" \/>\n<script type=\"application\/ld+json\" class=\"yoast-schema-graph\">{\"@context\":\"https:\\\/\\\/schema.org\",\"@graph\":[{\"@type\":\"WebPage\",\"@id\":\"https:\\\/\\\/www.adapt-solutions.net\\\/fr\\\/soutien\\\/termes-et-conditions\\\/\",\"url\":\"https:\\\/\\\/www.adapt-solutions.net\\\/fr\\\/soutien\\\/termes-et-conditions\\\/\",\"name\":\"Termes et conditions - Adapt solution\",\"isPartOf\":{\"@id\":\"https:\\\/\\\/adapt-solutions.ca\\\/#website\"},\"datePublished\":\"2018-12-14T15:56:29+00:00\",\"dateModified\":\"2019-02-18T21:03:25+00:00\",\"breadcrumb\":{\"@id\":\"https:\\\/\\\/www.adapt-solutions.net\\\/fr\\\/soutien\\\/termes-et-conditions\\\/#breadcrumb\"},\"inLanguage\":\"fr-FR\",\"potentialAction\":[{\"@type\":\"ReadAction\",\"target\":[\"https:\\\/\\\/www.adapt-solutions.net\\\/fr\\\/soutien\\\/termes-et-conditions\\\/\"]}]},{\"@type\":\"BreadcrumbList\",\"@id\":\"https:\\\/\\\/www.adapt-solutions.net\\\/fr\\\/soutien\\\/termes-et-conditions\\\/#breadcrumb\",\"itemListElement\":[{\"@type\":\"ListItem\",\"position\":1,\"name\":\"Home\",\"item\":\"https:\\\/\\\/www.adapt-solutions.net\\\/fr\\\/\"},{\"@type\":\"ListItem\",\"position\":2,\"name\":\"Soutien\",\"item\":\"https:\\\/\\\/adaptsolutions.ca\\\/fr\\\/soutien\\\/\"},{\"@type\":\"ListItem\",\"position\":3,\"name\":\"Termes et conditions\"}]},{\"@type\":\"WebSite\",\"@id\":\"https:\\\/\\\/adapt-solutions.ca\\\/#website\",\"url\":\"https:\\\/\\\/adapt-solutions.ca\\\/\",\"name\":\"Adapt solution\",\"description\":\"Quality mobility equipment\",\"publisher\":{\"@id\":\"https:\\\/\\\/adapt-solutions.ca\\\/#organization\"},\"potentialAction\":[{\"@type\":\"SearchAction\",\"target\":{\"@type\":\"EntryPoint\",\"urlTemplate\":\"https:\\\/\\\/adapt-solutions.ca\\\/?s={search_term_string}\"},\"query-input\":{\"@type\":\"PropertyValueSpecification\",\"valueRequired\":true,\"valueName\":\"search_term_string\"}}],\"inLanguage\":\"fr-FR\"},{\"@type\":\"Organization\",\"@id\":\"https:\\\/\\\/adapt-solutions.ca\\\/#organization\",\"name\":\"Adapt solution\",\"url\":\"https:\\\/\\\/adapt-solutions.ca\\\/\",\"logo\":{\"@type\":\"ImageObject\",\"inLanguage\":\"fr-FR\",\"@id\":\"https:\\\/\\\/adapt-solutions.ca\\\/#\\\/schema\\\/logo\\\/image\\\/\",\"url\":\"https:\\\/\\\/adaptsolutions.com\\\/content\\\/uploads\\\/2020\\\/02\\\/sales-3.png\",\"contentUrl\":\"https:\\\/\\\/adaptsolutions.com\\\/content\\\/uploads\\\/2020\\\/02\\\/sales-3.png\",\"width\":750,\"height\":242,\"caption\":\"Adapt solution\"},\"image\":{\"@id\":\"https:\\\/\\\/adapt-solutions.ca\\\/#\\\/schema\\\/logo\\\/image\\\/\"}}]}<\/script>\n<!-- \/ Yoast SEO plugin. -->","yoast_head_json":{"title":"Termes et conditions - Adapt solution","robots":{"index":"index","follow":"follow","max-snippet":"max-snippet:-1","max-image-preview":"max-image-preview:large","max-video-preview":"max-video-preview:-1"},"canonical":"https:\/\/www.adapt-solutions.net\/fr\/soutien\/termes-et-conditions\/","og_locale":"fr_FR","og_type":"article","og_title":"Termes et conditions - Adapt solution","og_description":"G\u00e9n\u00e9ral Les conditions g\u00e9n\u00e9rales de vente suivantes s&rsquo;appliquent \u00e0 toute vente de biens et services fournis par Adapt-Solutions # 1 Lt\u00e9e (ci-apr\u00e8s d\u00e9nomm\u00e9e \u00abAdapt Solutions\u00bb). L&rsquo;acheteur est r\u00e9put\u00e9 avoir pris pleine connaissance des pr\u00e9sentes conditions. Ces conditions sont obligatoires si les produits et services mentionn\u00e9s dans les pr\u00e9sentes sont livr\u00e9s \u00e0 l&rsquo;acheteur et accept\u00e9s par [&hellip;]","og_url":"https:\/\/www.adapt-solutions.net\/fr\/soutien\/termes-et-conditions\/","og_site_name":"Adapt solution","article_modified_time":"2019-02-18T21:03:25+00:00","og_image":[{"width":2560,"height":1696,"url":"https:\/\/www.adapt-solutions.net\/content\/uploads\/2019\/01\/building-winter-sky-e1548162355607-scaled.jpg","type":"image\/jpeg"}],"twitter_card":"summary_large_image","twitter_misc":{"Dur\u00e9e de lecture estim\u00e9e":"4 minutes"},"schema":{"@context":"https:\/\/schema.org","@graph":[{"@type":"WebPage","@id":"https:\/\/www.adapt-solutions.net\/fr\/soutien\/termes-et-conditions\/","url":"https:\/\/www.adapt-solutions.net\/fr\/soutien\/termes-et-conditions\/","name":"Termes et conditions - Adapt solution","isPartOf":{"@id":"https:\/\/adapt-solutions.ca\/#website"},"datePublished":"2018-12-14T15:56:29+00:00","dateModified":"2019-02-18T21:03:25+00:00","breadcrumb":{"@id":"https:\/\/www.adapt-solutions.net\/fr\/soutien\/termes-et-conditions\/#breadcrumb"},"inLanguage":"fr-FR","potentialAction":[{"@type":"ReadAction","target":["https:\/\/www.adapt-solutions.net\/fr\/soutien\/termes-et-conditions\/"]}]},{"@type":"BreadcrumbList","@id":"https:\/\/www.adapt-solutions.net\/fr\/soutien\/termes-et-conditions\/#breadcrumb","itemListElement":[{"@type":"ListItem","position":1,"name":"Home","item":"https:\/\/www.adapt-solutions.net\/fr\/"},{"@type":"ListItem","position":2,"name":"Soutien","item":"https:\/\/adaptsolutions.ca\/fr\/soutien\/"},{"@type":"ListItem","position":3,"name":"Termes et conditions"}]},{"@type":"WebSite","@id":"https:\/\/adapt-solutions.ca\/#website","url":"https:\/\/adapt-solutions.ca\/","name":"Adapt solution","description":"Quality mobility equipment","publisher":{"@id":"https:\/\/adapt-solutions.ca\/#organization"},"potentialAction":[{"@type":"SearchAction","target":{"@type":"EntryPoint","urlTemplate":"https:\/\/adapt-solutions.ca\/?s={search_term_string}"},"query-input":{"@type":"PropertyValueSpecification","valueRequired":true,"valueName":"search_term_string"}}],"inLanguage":"fr-FR"},{"@type":"Organization","@id":"https:\/\/adapt-solutions.ca\/#organization","name":"Adapt solution","url":"https:\/\/adapt-solutions.ca\/","logo":{"@type":"ImageObject","inLanguage":"fr-FR","@id":"https:\/\/adapt-solutions.ca\/#\/schema\/logo\/image\/","url":"https:\/\/adaptsolutions.com\/content\/uploads\/2020\/02\/sales-3.png","contentUrl":"https:\/\/adaptsolutions.com\/content\/uploads\/2020\/02\/sales-3.png","width":750,"height":242,"caption":"Adapt solution"},"image":{"@id":"https:\/\/adapt-solutions.ca\/#\/schema\/logo\/image\/"}}]}},"_links":{"self":[{"href":"https:\/\/www.adapt-solutions.net\/fr\/wp-json\/wp\/v2\/pages\/180","targetHints":{"allow":["GET"]}}],"collection":[{"href":"https:\/\/www.adapt-solutions.net\/fr\/wp-json\/wp\/v2\/pages"}],"about":[{"href":"https:\/\/www.adapt-solutions.net\/fr\/wp-json\/wp\/v2\/types\/page"}],"author":[{"embeddable":true,"href":"https:\/\/www.adapt-solutions.net\/fr\/wp-json\/wp\/v2\/users\/1"}],"replies":[{"embeddable":true,"href":"https:\/\/www.adapt-solutions.net\/fr\/wp-json\/wp\/v2\/comments?post=180"}],"version-history":[{"count":13,"href":"https:\/\/www.adapt-solutions.net\/fr\/wp-json\/wp\/v2\/pages\/180\/revisions"}],"predecessor-version":[{"id":4810,"href":"https:\/\/www.adapt-solutions.net\/fr\/wp-json\/wp\/v2\/pages\/180\/revisions\/4810"}],"up":[{"embeddable":true,"href":"https:\/\/www.adapt-solutions.net\/fr\/wp-json\/wp\/v2\/pages\/164"}],"wp:attachment":[{"href":"https:\/\/www.adapt-solutions.net\/fr\/wp-json\/wp\/v2\/media?parent=180"}],"curies":[{"name":"wp","href":"https:\/\/api.w.org\/{rel}","templated":true}]}}