{"id":183,"date":"2018-12-14T16:57:36","date_gmt":"2018-12-14T15:57:36","guid":{"rendered":"http:\/\/localhost\/?page_id=183"},"modified":"2019-02-19T15:56:07","modified_gmt":"2019-02-19T14:56:07","slug":"politique-de-confidentialite","status":"publish","type":"page","link":"https:\/\/www.adapt-solutions.net\/fr\/soutien\/politique-de-confidentialite\/","title":{"rendered":"Politique de confidentialit\u00e9"},"content":{"rendered":"<p><strong>Politique de confidentialit\u00e9<\/strong><\/p>\n<p>Adapt Solutions s\u2019engage \u00e0 prot\u00e9ger la confidentialit\u00e9 de ses clients et des visiteurs de son site Web, en prenant les mesures n\u00e9cessaires pour que les informations personnelles recueillies soient prot\u00e9g\u00e9es. Les actions d\u2019Adapt Solutions en lien avec son site Web sont donc r\u00e9gies par la pr\u00e9sente politique de confidentialit\u00e9. Celle-ci d\u00e9termine les r\u00e8gles \u00e9tablies pour la collecte, l\u2019utilisation, la divulgation et la r\u00e9tention de renseignements personnels.<\/p>\n<p><strong>Collecte, utilisation et partage de renseignements personnels<\/strong><\/p>\n<p>Lorsqu\u2019une requ\u00eate est compl\u00e9t\u00e9e en ligne, l\u2019information est recueillie dans diverses intentions\u00a0: la prestation de services et d\u2019\u00e9quipements, l\u2019identification et l\u2019authentification, l\u2019am\u00e9lioration de nos services, nos contacts avec vous et la recherche. Adapt Solutions limitera donc la collecte d\u2019information aux besoins identifi\u00e9s. Nous recueillerons ces renseignements par des m\u00e9thodes honn\u00eates et l\u00e9gales, sans recueillir d\u2019information personnelle sur votre \u00e9tat de sant\u00e9, sauf si vous en faites volontairement mention.<\/p>\n<p><strong>Divulgation<\/strong><\/p>\n<p>Vos renseignements personnels ne seront pas utilis\u00e9s ou divulgu\u00e9s pour d&rsquo;autres motifs que ceux pour lesquels ils sont collect\u00e9s. Quand vous demandez de l&rsquo;information en utilisant le localisateur de distributeur, les renseignements donn\u00e9s \u00e0 Adapt Solutions peuvent \u00eatre partag\u00e9s avec votre distributeur local autoris\u00e9 pour que celui-ci r\u00e9ponde le mieux possible \u00e0 vos besoins en vous dirigeant vers le meilleur produit possible offert par Adapt Solutions. Adapt Solutions n&rsquo;\u00e9change pas, ne loue pas, et ne vend pas vos renseignements personnels \u00e0 des tiers.<\/p>\n<p><strong>La conservation de vos renseignements personnels<\/strong><\/p>\n<p>Adapt Solutions re\u00e7oit et sauvegarde certaines informations automatiquement quand vous visitez notre site, telles que les pages visit\u00e9es et le temps pass\u00e9 sur notre site. Ces informations nous aident \u00e0 am\u00e9liorer notre site Web. Si vous soumettez un enregistrement de garantie pour un produit d\u2019Adapt Solutions, cette information est gard\u00e9e par Adapt Solutions pour r\u00e9f\u00e9rence future. Quand vous demandez de l&rsquo;information sur un produit ou un distributeur, cette information est aussi sauvegard\u00e9e par Adapt Solutions pour vous offrir le meilleur service possible.<\/p>\n<p><strong>Contacts avec vous<\/strong><\/p>\n<p>Si vous acceptez de recevoir des communications d\u2019Adapt Solutions, telles que des courriels, vos renseignements seront utilis\u00e9s \u00e0 cet effet. Vous pouvez vous d\u00e9sabonner \u00e0 n&rsquo;importe quel moment. Par contre, nous ferons exception \u00e0 la politique en conservant les informations importantes relatives \u00e0 un produit d\u2019Adapt Solutions que vous avez achet\u00e9 et qui a fait l&rsquo;objet d&rsquo;une d\u00e9fectuosit\u00e9 ou qui a n\u00e9cessit\u00e9 une r\u00e9paration.<\/p>\n<p><strong>T\u00e9moins de connexion<\/strong><\/p>\n<p>Nous utilisons des t\u00e9moins de connexion. Un t\u00e9moin de connexion est un petit fichier qui est sauvegard\u00e9 sur votre ordinateur et qui contient des renseignements qui ne sont pas personnels. Les t\u00e9moins de connexion nous aident \u00e0 d\u00e9terminer combien de visiteurs diff\u00e9rents nous recevons sur notre site Web, quelles pages ils utilisent, et combien de temps ils passent sur notre site Web. Ces renseignements nous aident \u00e0 \u00e9valuer les points forts de notre site Web ainsi que les \u00e9l\u00e9ments \u00e0 am\u00e9liorer.<\/p>\n<p><strong>Changement \u00e0 la politique de confidentialit\u00e9 <\/strong><\/p>\n<p>Adapt Solutions accorde une grande importance \u00e0 la protection de la confidentialit\u00e9. Nous pouvons donc modifier notre politique de temps \u00e0 autre. La politique la plus r\u00e9cente sera toujours affich\u00e9e sur notre site Web. Cette politique a \u00e9t\u00e9 affich\u00e9e le 19 f\u00e9vrier 2018.<\/p>\n<p><strong>Liens<\/strong><\/p>\n<p>Le site Web d\u2019Adapt Solutions contient des hyperliens vers d\u2019autres sites Web. Adapt Solutions se d\u00e9gage de toute responsabilit\u00e9 vis-\u00e0-vis le contenu des autres sites et leurs pratiques en mati\u00e8re de confidentialit\u00e9. Nous encourageons nos utilisateurs \u00e0 consulter les politiques de confidentialit\u00e9 de tout autre site recueillant des renseignements personnels.<\/p>\n<p><strong>Demande de distributeur<\/strong><\/p>\n<p>Le formulaire d\u2019application en ligne de distributeur est d\u00e9pos\u00e9 via une page Web s\u00e9curis\u00e9e. L\u2019information fournie est utilis\u00e9e pour traiter votre demande de distributeur et d\u00e9terminer les ententes de cr\u00e9dit, si n\u00e9cessaire. Le formulaire d\u2019application est aussi disponible pour le t\u00e9l\u00e9chargement et le d\u00e9p\u00f4t par fax ou par la poste.<\/p>\n<p><strong>Sondages<\/strong><\/p>\n<p>Occasionnellement, nous pouvons sonder les visiteurs de notre site. L\u2019information recueillie gr\u00e2ce \u00e0 ces sondages est utilis\u00e9e de mani\u00e8re globale pour nous permettre de mieux comprendre nos utilisateurs et leurs besoins, et ainsi d\u2019am\u00e9liorer notre site Web. Nous ne demandons g\u00e9n\u00e9ralement pas d\u2019information dans ces sondages permettant de vous identifier personnellement. Si nous demandons des informations de contact pour effectuer des suivis, il vous est possible de refuser de les fournir. Si les r\u00e9pondants des sondages fournissent des informations personnelles (comme une adresse courriel) dans un sondage, elles seront partag\u00e9es uniquement avec les personnes en charge de faire le suivi ou de r\u00e9pondre \u00e0 une question.<strong>\u00a0<\/strong><\/p>\n<p><strong>Courriel<\/strong><\/p>\n<p>L\u2019hame\u00e7onnage est une escroquerie con\u00e7ue pour voler vos informations personnelles. Si vous recevez un courriel qui semble provenir d\u2019Adapt Solutions et qui vous demande des informations personnelles, ne r\u00e9pondez pas. Nous ne demanderons jamais votre mot de passe, votre nom d\u2019utilisateur, vos informations de carte de cr\u00e9dit ou d\u2019autres informations personnelles par courriel.<\/p>\n<p><strong>Nom d\u2019utilisateur et mot de passe<\/strong><\/p>\n<p>Si vous utilisez l\u2019un de nos services n\u00e9cessitant un nom d\u2019utilisateur et un mot de passe, il est de votre enti\u00e8re responsabilit\u00e9 de garder ce nom d\u2019utilisateur et ce mot de passe strictement confidentiels.<strong>\u00a0<\/strong><\/p>\n<p><strong>D\u00e9charge<\/strong><\/p>\n<p>Le mat\u00e9riel, les services et les autres informations sont fournis \u00ab\u00a0tels quels\u00a0\u00bb par Adapt Solutions, \u00e0 des fins \u00e9ducatives seulement. Adapt Solutions n\u2019offre aucune garantie, qu\u2019elle soit express ou implicite, incluant, mais sans s\u2019y limiter, n&rsquo;importe quelle garantie qualit\u00e9 marchande, d&rsquo;aptitude \u00e0 un usage particulier, de titre ou d&rsquo;absence de contrefa\u00e7on.<\/p>\n<p>Notez bien que, par sa nature m\u00eame, un site Web ne peut pas \u00eatre absolument prot\u00e9g\u00e9 contre des tentatives d&rsquo;intrusion, intentionnelles ou malveillantes. De plus, Adapt Solutions n\u2019a pas de contr\u00f4le sur les dispositifs, les ordinateurs ou les navigateurs Internet utilis\u00e9s lorsque vous choisissez de transmettre des renseignements personnels confidentiels, et ne peut donc pas emp\u00eacher que vos informations soient compromises ou intercept\u00e9es durant leur transit vers Adapt Solutions.<\/p>\n<p>Par cons\u00e9quent, Adapt Solutions n\u2019offre aucune garantie quant \u00e0 la s\u00e9curit\u00e9, l&rsquo;int\u00e9grit\u00e9 ou la confidentialit\u00e9 de toute information transmise vers ou en provenance de notre site Web, ou encore stock\u00e9e dans notre site Web.<\/p>\n<p>Au-del\u00e0 des mesures raisonnables utilis\u00e9es pour prot\u00e9ger vos informations durant leur transit, Adapt Solutions ne peut pas garantir la s\u00e9curit\u00e9 absolue des communications ou des transmissions \u00e9lectroniques, puisque toute transmission r\u00e9alis\u00e9e par Internet, par toute organisation ou tout individu, court le risque d&rsquo;\u00eatre intercept\u00e9.<\/p>\n<p><strong>Limite de la responsabilit\u00e9<\/strong><\/p>\n<p>Vous assumez le risque de transmettre vos informations en lien avec l&rsquo;utilisation de ce site Web, et le risque de corruption de donn\u00e9es, d\u2019interception intentionnelle, d\u2019intrusion ou d&rsquo;acc\u00e8s non autoris\u00e9 aux informations, de retard, d\u2019interruption ou de d\u00e9faillance emp\u00eachant l&rsquo;utilisation de ce site Web.<\/p>\n<p>En aucun cas Adapt Solutions ne devra \u00eatre tenu responsable de n&rsquo;importe quel dommage direct, indirect, sp\u00e9cial, subs\u00e9quent ou mon\u00e9taire, y compris des frais et des p\u00e9nalit\u00e9s en lien avec votre utilisation d\u2019\u00e9l\u00e9ments affich\u00e9s sur ce site, ou entre ce site et tout autre site.<\/p>\n","protected":false},"excerpt":{"rendered":"<p>Politique de confidentialit\u00e9 Adapt Solutions s\u2019engage \u00e0 prot\u00e9ger la confidentialit\u00e9 de ses clients et des visiteurs de son site Web, en prenant les mesures n\u00e9cessaires pour que les informations personnelles recueillies soient prot\u00e9g\u00e9es. Les actions d\u2019Adapt Solutions en lien avec son site Web sont donc r\u00e9gies par la pr\u00e9sente politique de confidentialit\u00e9. Celle-ci d\u00e9termine les [&hellip;]<\/p>\n","protected":false},"author":1,"featured_media":0,"parent":164,"menu_order":0,"comment_status":"closed","ping_status":"closed","template":"page_policy.php","meta":{"_acf_changed":false,"footnotes":""},"class_list":["post-183","page","type-page","status-publish","hentry"],"acf":[],"yoast_head":"<!-- This site is optimized with the Yoast SEO plugin v27.3 - https:\/\/yoast.com\/product\/yoast-seo-wordpress\/ -->\n<title>Politique de confidentialit\u00e9 - Adapt solution<\/title>\n<meta name=\"robots\" content=\"index, follow, max-snippet:-1, max-image-preview:large, max-video-preview:-1\" \/>\n<link rel=\"canonical\" href=\"https:\/\/www.adapt-solutions.net\/fr\/soutien\/politique-de-confidentialite\/\" \/>\n<meta property=\"og:locale\" content=\"fr_FR\" \/>\n<meta property=\"og:type\" content=\"article\" \/>\n<meta property=\"og:title\" content=\"Politique de confidentialit\u00e9 - Adapt solution\" \/>\n<meta property=\"og:description\" content=\"Politique de confidentialit\u00e9 Adapt Solutions s\u2019engage \u00e0 prot\u00e9ger la confidentialit\u00e9 de ses clients et des visiteurs de son site Web, en prenant les mesures n\u00e9cessaires pour que les informations personnelles recueillies soient prot\u00e9g\u00e9es. Les actions d\u2019Adapt Solutions en lien avec son site Web sont donc r\u00e9gies par la pr\u00e9sente politique de confidentialit\u00e9. Celle-ci d\u00e9termine les [&hellip;]\" \/>\n<meta property=\"og:url\" content=\"https:\/\/www.adapt-solutions.net\/fr\/soutien\/politique-de-confidentialite\/\" \/>\n<meta property=\"og:site_name\" content=\"Adapt solution\" \/>\n<meta property=\"article:modified_time\" content=\"2019-02-19T14:56:07+00:00\" \/>\n<meta property=\"og:image\" content=\"https:\/\/www.adapt-solutions.net\/content\/uploads\/2019\/01\/building-winter-sky-e1548162355607-scaled.jpg\" \/>\n\t<meta property=\"og:image:width\" content=\"2560\" \/>\n\t<meta property=\"og:image:height\" content=\"1696\" \/>\n\t<meta property=\"og:image:type\" content=\"image\/jpeg\" \/>\n<meta name=\"twitter:card\" content=\"summary_large_image\" \/>\n<meta name=\"twitter:label1\" content=\"Dur\u00e9e de lecture estim\u00e9e\" \/>\n\t<meta name=\"twitter:data1\" content=\"6 minutes\" \/>\n<script type=\"application\/ld+json\" class=\"yoast-schema-graph\">{\"@context\":\"https:\\\/\\\/schema.org\",\"@graph\":[{\"@type\":\"WebPage\",\"@id\":\"https:\\\/\\\/www.adapt-solutions.net\\\/fr\\\/soutien\\\/politique-de-confidentialite\\\/\",\"url\":\"https:\\\/\\\/www.adapt-solutions.net\\\/fr\\\/soutien\\\/politique-de-confidentialite\\\/\",\"name\":\"Politique de confidentialit\u00e9 - Adapt solution\",\"isPartOf\":{\"@id\":\"https:\\\/\\\/adapt-solutions.net\\\/#website\"},\"datePublished\":\"2018-12-14T15:57:36+00:00\",\"dateModified\":\"2019-02-19T14:56:07+00:00\",\"breadcrumb\":{\"@id\":\"https:\\\/\\\/www.adapt-solutions.net\\\/fr\\\/soutien\\\/politique-de-confidentialite\\\/#breadcrumb\"},\"inLanguage\":\"fr-FR\",\"potentialAction\":[{\"@type\":\"ReadAction\",\"target\":[\"https:\\\/\\\/www.adapt-solutions.net\\\/fr\\\/soutien\\\/politique-de-confidentialite\\\/\"]}]},{\"@type\":\"BreadcrumbList\",\"@id\":\"https:\\\/\\\/www.adapt-solutions.net\\\/fr\\\/soutien\\\/politique-de-confidentialite\\\/#breadcrumb\",\"itemListElement\":[{\"@type\":\"ListItem\",\"position\":1,\"name\":\"Home\",\"item\":\"https:\\\/\\\/adaptsolutions.com\\\/fr\\\/\"},{\"@type\":\"ListItem\",\"position\":2,\"name\":\"Soutien\",\"item\":\"https:\\\/\\\/adaptsolutions.com\\\/fr\\\/soutien\\\/\"},{\"@type\":\"ListItem\",\"position\":3,\"name\":\"Politique de confidentialit\u00e9\"}]},{\"@type\":\"WebSite\",\"@id\":\"https:\\\/\\\/adapt-solutions.net\\\/#website\",\"url\":\"https:\\\/\\\/adapt-solutions.net\\\/\",\"name\":\"Adapt solution\",\"description\":\"Quality mobility equipment\",\"publisher\":{\"@id\":\"https:\\\/\\\/adapt-solutions.net\\\/#organization\"},\"potentialAction\":[{\"@type\":\"SearchAction\",\"target\":{\"@type\":\"EntryPoint\",\"urlTemplate\":\"https:\\\/\\\/adapt-solutions.net\\\/?s={search_term_string}\"},\"query-input\":{\"@type\":\"PropertyValueSpecification\",\"valueRequired\":true,\"valueName\":\"search_term_string\"}}],\"inLanguage\":\"fr-FR\"},{\"@type\":\"Organization\",\"@id\":\"https:\\\/\\\/adapt-solutions.net\\\/#organization\",\"name\":\"Adapt solution\",\"url\":\"https:\\\/\\\/adapt-solutions.net\\\/\",\"logo\":{\"@type\":\"ImageObject\",\"inLanguage\":\"fr-FR\",\"@id\":\"https:\\\/\\\/adapt-solutions.net\\\/#\\\/schema\\\/logo\\\/image\\\/\",\"url\":\"https:\\\/\\\/adaptsolutions.com\\\/content\\\/uploads\\\/2020\\\/02\\\/sales-3.png\",\"contentUrl\":\"https:\\\/\\\/adaptsolutions.com\\\/content\\\/uploads\\\/2020\\\/02\\\/sales-3.png\",\"width\":750,\"height\":242,\"caption\":\"Adapt solution\"},\"image\":{\"@id\":\"https:\\\/\\\/adapt-solutions.net\\\/#\\\/schema\\\/logo\\\/image\\\/\"}}]}<\/script>\n<!-- \/ Yoast SEO plugin. -->","yoast_head_json":{"title":"Politique de confidentialit\u00e9 - Adapt solution","robots":{"index":"index","follow":"follow","max-snippet":"max-snippet:-1","max-image-preview":"max-image-preview:large","max-video-preview":"max-video-preview:-1"},"canonical":"https:\/\/www.adapt-solutions.net\/fr\/soutien\/politique-de-confidentialite\/","og_locale":"fr_FR","og_type":"article","og_title":"Politique de confidentialit\u00e9 - Adapt solution","og_description":"Politique de confidentialit\u00e9 Adapt Solutions s\u2019engage \u00e0 prot\u00e9ger la confidentialit\u00e9 de ses clients et des visiteurs de son site Web, en prenant les mesures n\u00e9cessaires pour que les informations personnelles recueillies soient prot\u00e9g\u00e9es. Les actions d\u2019Adapt Solutions en lien avec son site Web sont donc r\u00e9gies par la pr\u00e9sente politique de confidentialit\u00e9. Celle-ci d\u00e9termine les [&hellip;]","og_url":"https:\/\/www.adapt-solutions.net\/fr\/soutien\/politique-de-confidentialite\/","og_site_name":"Adapt solution","article_modified_time":"2019-02-19T14:56:07+00:00","og_image":[{"width":2560,"height":1696,"url":"https:\/\/www.adapt-solutions.net\/content\/uploads\/2019\/01\/building-winter-sky-e1548162355607-scaled.jpg","type":"image\/jpeg"}],"twitter_card":"summary_large_image","twitter_misc":{"Dur\u00e9e de lecture estim\u00e9e":"6 minutes"},"schema":{"@context":"https:\/\/schema.org","@graph":[{"@type":"WebPage","@id":"https:\/\/www.adapt-solutions.net\/fr\/soutien\/politique-de-confidentialite\/","url":"https:\/\/www.adapt-solutions.net\/fr\/soutien\/politique-de-confidentialite\/","name":"Politique de confidentialit\u00e9 - Adapt solution","isPartOf":{"@id":"https:\/\/adapt-solutions.net\/#website"},"datePublished":"2018-12-14T15:57:36+00:00","dateModified":"2019-02-19T14:56:07+00:00","breadcrumb":{"@id":"https:\/\/www.adapt-solutions.net\/fr\/soutien\/politique-de-confidentialite\/#breadcrumb"},"inLanguage":"fr-FR","potentialAction":[{"@type":"ReadAction","target":["https:\/\/www.adapt-solutions.net\/fr\/soutien\/politique-de-confidentialite\/"]}]},{"@type":"BreadcrumbList","@id":"https:\/\/www.adapt-solutions.net\/fr\/soutien\/politique-de-confidentialite\/#breadcrumb","itemListElement":[{"@type":"ListItem","position":1,"name":"Home","item":"https:\/\/adaptsolutions.com\/fr\/"},{"@type":"ListItem","position":2,"name":"Soutien","item":"https:\/\/adaptsolutions.com\/fr\/soutien\/"},{"@type":"ListItem","position":3,"name":"Politique de confidentialit\u00e9"}]},{"@type":"WebSite","@id":"https:\/\/adapt-solutions.net\/#website","url":"https:\/\/adapt-solutions.net\/","name":"Adapt solution","description":"Quality mobility equipment","publisher":{"@id":"https:\/\/adapt-solutions.net\/#organization"},"potentialAction":[{"@type":"SearchAction","target":{"@type":"EntryPoint","urlTemplate":"https:\/\/adapt-solutions.net\/?s={search_term_string}"},"query-input":{"@type":"PropertyValueSpecification","valueRequired":true,"valueName":"search_term_string"}}],"inLanguage":"fr-FR"},{"@type":"Organization","@id":"https:\/\/adapt-solutions.net\/#organization","name":"Adapt solution","url":"https:\/\/adapt-solutions.net\/","logo":{"@type":"ImageObject","inLanguage":"fr-FR","@id":"https:\/\/adapt-solutions.net\/#\/schema\/logo\/image\/","url":"https:\/\/adaptsolutions.com\/content\/uploads\/2020\/02\/sales-3.png","contentUrl":"https:\/\/adaptsolutions.com\/content\/uploads\/2020\/02\/sales-3.png","width":750,"height":242,"caption":"Adapt solution"},"image":{"@id":"https:\/\/adapt-solutions.net\/#\/schema\/logo\/image\/"}}]}},"_links":{"self":[{"href":"https:\/\/www.adapt-solutions.net\/fr\/wp-json\/wp\/v2\/pages\/183","targetHints":{"allow":["GET"]}}],"collection":[{"href":"https:\/\/www.adapt-solutions.net\/fr\/wp-json\/wp\/v2\/pages"}],"about":[{"href":"https:\/\/www.adapt-solutions.net\/fr\/wp-json\/wp\/v2\/types\/page"}],"author":[{"embeddable":true,"href":"https:\/\/www.adapt-solutions.net\/fr\/wp-json\/wp\/v2\/users\/1"}],"replies":[{"embeddable":true,"href":"https:\/\/www.adapt-solutions.net\/fr\/wp-json\/wp\/v2\/comments?post=183"}],"version-history":[{"count":12,"href":"https:\/\/www.adapt-solutions.net\/fr\/wp-json\/wp\/v2\/pages\/183\/revisions"}],"predecessor-version":[{"id":4838,"href":"https:\/\/www.adapt-solutions.net\/fr\/wp-json\/wp\/v2\/pages\/183\/revisions\/4838"}],"up":[{"embeddable":true,"href":"https:\/\/www.adapt-solutions.net\/fr\/wp-json\/wp\/v2\/pages\/164"}],"wp:attachment":[{"href":"https:\/\/www.adapt-solutions.net\/fr\/wp-json\/wp\/v2\/media?parent=183"}],"curies":[{"name":"wp","href":"https:\/\/api.w.org\/{rel}","templated":true}]}}